{"id":15419,"date":"2024-09-18T20:10:13","date_gmt":"2024-09-18T18:10:13","guid":{"rendered":"https:\/\/shop.cloudbyomega.com\/?post_type=product&#038;p=15419"},"modified":"2024-09-19T16:56:09","modified_gmt":"2024-09-19T14:56:09","slug":"assistance-informatique","status":"publish","type":"product","link":"https:\/\/shop.cloudbyomega.com\/index.php\/produit\/assistance-informatique\/","title":{"rendered":"Assistance Informatique"},"content":{"rendered":"<p><strong>OMEGA CLOUD SUPPORT \u2013 Optez pour une intervention\u00a0<\/strong><b>efficace avec l&rsquo;un de nos experts.<\/b><\/p>\n<p>B\u00e9n\u00e9ficiez d\u2019une assistance informatique de qualit\u00e9, o\u00f9 que vous soyez dans le monde.<\/p>\n<p><strong>\u2003\u2003Inclus dans cette prestation de service :<\/strong><\/p>\n<ul>\n<li>Assistance technique experte assur\u00e9e par un administrateur syst\u00e8me d\u00e9di\u00e9<\/li>\n<li>Une allocation d&rsquo;une heure est pr\u00e9vue, le temps restant peut \u00eatre r\u00e9utilis\u00e9 pour d&rsquo;autres besoins si la dur\u00e9e d&rsquo;intervention est inf\u00e9rieure.<\/li>\n<\/ul>\n","protected":false},"excerpt":{"rendered":"<p>OMEGA CLOUD SUPPORT \u2013 Optez pour une intervention\u00a0efficace avec l&rsquo;un de nos experts. B\u00e9n\u00e9ficiez d\u2019une assistance informatique de qualit\u00e9, o\u00f9 que vous soyez dans le monde. \u2003\u2003Inclus dans cette prestation de service : Assistance technique experte assur\u00e9e par un administrateur syst\u00e8me d\u00e9di\u00e9 Une allocation d&rsquo;une heure est pr\u00e9vue, le temps restant peut \u00eatre r\u00e9utilis\u00e9 pour [&hellip;]<\/p>\n","protected":false},"featured_media":14848,"template":"","meta":[],"product_cat":[62],"product_tag":[],"_links":{"self":[{"href":"https:\/\/shop.cloudbyomega.com\/index.php\/wp-json\/wp\/v2\/product\/15419"}],"collection":[{"href":"https:\/\/shop.cloudbyomega.com\/index.php\/wp-json\/wp\/v2\/product"}],"about":[{"href":"https:\/\/shop.cloudbyomega.com\/index.php\/wp-json\/wp\/v2\/types\/product"}],"wp:featuredmedia":[{"embeddable":true,"href":"https:\/\/shop.cloudbyomega.com\/index.php\/wp-json\/wp\/v2\/media\/14848"}],"wp:attachment":[{"href":"https:\/\/shop.cloudbyomega.com\/index.php\/wp-json\/wp\/v2\/media?parent=15419"}],"wp:term":[{"taxonomy":"product_cat","embeddable":true,"href":"https:\/\/shop.cloudbyomega.com\/index.php\/wp-json\/wp\/v2\/product_cat?post=15419"},{"taxonomy":"product_tag","embeddable":true,"href":"https:\/\/shop.cloudbyomega.com\/index.php\/wp-json\/wp\/v2\/product_tag?post=15419"}],"curies":[{"name":"wp","href":"https:\/\/api.w.org\/{rel}","templated":true}]}}