{"id":15414,"date":"2024-08-12T10:03:10","date_gmt":"2024-08-12T08:03:10","guid":{"rendered":"https:\/\/shop.cloudbyomega.com\/?post_type=product&#038;p=15414"},"modified":"2024-08-12T10:04:39","modified_gmt":"2024-08-12T08:04:39","slug":"office-2021-proplus-offre-pro","status":"publish","type":"product","link":"https:\/\/shop.cloudbyomega.com\/index.php\/produit\/office-2021-proplus-offre-pro\/","title":{"rendered":"Office 2021 ProPlus &#8211; Offre Pro"},"content":{"rendered":"<div class=\"woocommerce-tabs wc-tabs-wrapper\">\n<div id=\"tab-description\" class=\"woocommerce-Tabs-panel woocommerce-Tabs-panel--description panel entry-content wc-tab\" role=\"tabpanel\" aria-labelledby=\"tab-title-description\">\n<p><strong>Office 2021 ProPlus\u00a0<\/strong><\/p>\n<p><strong>Contient\u00a0 :<\/strong><\/p>\n<p>\u2022 Word 2021<\/p>\n<p>\u2022 Excel 2021<\/p>\n<p>\u2022 PowerPoint 2021<\/p>\n<p>\u2022 Outlook 2021<\/p>\n<p>\u2022 Publisher 2021<\/p>\n<p>\u2022 Access 2021<\/p>\n<p>\u2022 Skype for Business<\/p>\n<p>&nbsp;<\/p>\n<p>Nos licences officielles sont valables pour un seul PC, nous garantissons l&rsquo;installation et l&rsquo;activation gr\u00e2ce \u00e0 une assistance \u00e0 distance.<\/p>\n<\/div>\n<\/div>\n","protected":false},"excerpt":{"rendered":"<p><strong>Office 2021 ProPlus\u00a0<\/strong><\/p>\n<p><strong>Contient\u00a0 :<\/strong><\/p>\n<p>\u2022 Word 2021<\/p>\n<p>\u2022 Excel 2021<\/p>\n<p>\u2022 PowerPoint 2021<\/p>\n<p>\u2022 Outlook 2021<\/p>\n<p>\u2022 Publisher 2021<\/p>\n<p>\u2022 Access 2021<\/p>\n<p>\u2022 Skype for Business<\/p>\n<p>&nbsp;<\/p>\n<p>Nos licences officielles sont valables pour un seul PC, nous garantissons l&rsquo;installation et l&rsquo;activation gr\u00e2ce \u00e0 une assistance \u00e0 distance.<\/p>\n","protected":false},"featured_media":15415,"template":"","meta":[],"product_cat":[54],"product_tag":[],"_links":{"self":[{"href":"https:\/\/shop.cloudbyomega.com\/index.php\/wp-json\/wp\/v2\/product\/15414"}],"collection":[{"href":"https:\/\/shop.cloudbyomega.com\/index.php\/wp-json\/wp\/v2\/product"}],"about":[{"href":"https:\/\/shop.cloudbyomega.com\/index.php\/wp-json\/wp\/v2\/types\/product"}],"wp:featuredmedia":[{"embeddable":true,"href":"https:\/\/shop.cloudbyomega.com\/index.php\/wp-json\/wp\/v2\/media\/15415"}],"wp:attachment":[{"href":"https:\/\/shop.cloudbyomega.com\/index.php\/wp-json\/wp\/v2\/media?parent=15414"}],"wp:term":[{"taxonomy":"product_cat","embeddable":true,"href":"https:\/\/shop.cloudbyomega.com\/index.php\/wp-json\/wp\/v2\/product_cat?post=15414"},{"taxonomy":"product_tag","embeddable":true,"href":"https:\/\/shop.cloudbyomega.com\/index.php\/wp-json\/wp\/v2\/product_tag?post=15414"}],"curies":[{"name":"wp","href":"https:\/\/api.w.org\/{rel}","templated":true}]}}