{"id":15245,"date":"2024-03-11T09:26:35","date_gmt":"2024-03-11T08:26:35","guid":{"rendered":"https:\/\/shop.cloudbyomega.com\/?post_type=product&#038;p=15245"},"modified":"2024-03-11T09:47:53","modified_gmt":"2024-03-11T08:47:53","slug":"onlyoffice","status":"publish","type":"product","link":"https:\/\/shop.cloudbyomega.com\/index.php\/produit\/onlyoffice\/","title":{"rendered":"OnlyOffice Doc Server"},"content":{"rendered":"<p><strong>OnlyOffice &#8211; <\/strong><strong>Explorez une collaboration simplifi\u00e9e avec le serveur OnlyOffice Doc &#8211; modifiez vos documents simultan\u00e9ment avec facilit\u00e9.<\/strong><\/p>\n<p><strong>Inclus dans votre abonnement :<\/strong><\/p>\n<p>\u2022 Serveur de collaboration OnlyOffice Doc Server<\/p>\n<p>\u2022 Modifier vos documents \u00e0 plusieurs en temps r\u00e9el<\/p>\n<p>\u2022 Connexion illimit\u00e9e d&rsquo;utilisateurs en simultan\u00e9s<\/p>\n<p>\u2022 Compatible avec la suite OnlyOffice Doc disponible gratuitement sur (iOS, Android, PC, MacOS)<\/p>\n<p>&nbsp;<\/p>\n<p>OnlyOffice doit \u00eatre int\u00e9gr\u00e9 \u00e0 une solution comme NextCloud pour fonctionner.<\/p>\n<p>Nos serveurs sont strat\u00e9giquement localis\u00e9s en France, Allemagne, au Royaume-Uni, en Bulgarie et aux \u00c9tats-Unis, assurant une couverture globale pour une performance optimale et une fiabilit\u00e9 exceptionnelle.<\/p>\n<p>N&rsquo;oubliez pas de sp\u00e9cifier la localisation souhait\u00e9e de votre serveur dans les commentaires de votre commande. Par d\u00e9faut, nous attribuerons un serveur situ\u00e9 au plus pr\u00e8s de l&rsquo;adresse que vous aurez indiqu\u00e9e lors de la commande.<\/p>\n","protected":false},"excerpt":{"rendered":"<p>OnlyOffice &#8211; Explorez une collaboration simplifi\u00e9e avec le serveur OnlyOffice Doc &#8211; modifiez vos documents simultan\u00e9ment avec facilit\u00e9. Inclus dans votre abonnement : \u2022 Serveur de collaboration OnlyOffice Doc Server \u2022 Modifier vos documents \u00e0 plusieurs en temps r\u00e9el \u2022 Connexion illimit\u00e9e d&rsquo;utilisateurs en simultan\u00e9s \u2022 Compatible avec la suite OnlyOffice Doc disponible gratuitement sur [&hellip;]<\/p>\n","protected":false},"featured_media":14629,"template":"","meta":[],"product_cat":[58],"product_tag":[],"_links":{"self":[{"href":"https:\/\/shop.cloudbyomega.com\/index.php\/wp-json\/wp\/v2\/product\/15245"}],"collection":[{"href":"https:\/\/shop.cloudbyomega.com\/index.php\/wp-json\/wp\/v2\/product"}],"about":[{"href":"https:\/\/shop.cloudbyomega.com\/index.php\/wp-json\/wp\/v2\/types\/product"}],"wp:featuredmedia":[{"embeddable":true,"href":"https:\/\/shop.cloudbyomega.com\/index.php\/wp-json\/wp\/v2\/media\/14629"}],"wp:attachment":[{"href":"https:\/\/shop.cloudbyomega.com\/index.php\/wp-json\/wp\/v2\/media?parent=15245"}],"wp:term":[{"taxonomy":"product_cat","embeddable":true,"href":"https:\/\/shop.cloudbyomega.com\/index.php\/wp-json\/wp\/v2\/product_cat?post=15245"},{"taxonomy":"product_tag","embeddable":true,"href":"https:\/\/shop.cloudbyomega.com\/index.php\/wp-json\/wp\/v2\/product_tag?post=15245"}],"curies":[{"name":"wp","href":"https:\/\/api.w.org\/{rel}","templated":true}]}}