{"id":14884,"date":"2024-03-08T09:09:24","date_gmt":"2024-03-08T08:09:24","guid":{"rendered":"https:\/\/shop.cloudbyomega.com\/?post_type=product&#038;p=14884"},"modified":"2024-03-20T17:39:54","modified_gmt":"2024-03-20T16:39:54","slug":"assistance-informatique-2-heure","status":"publish","type":"product","link":"https:\/\/shop.cloudbyomega.com\/index.php\/produit\/assistance-informatique-2-heure\/","title":{"rendered":"Assistance Informatique (2 Heures)"},"content":{"rendered":"<p><strong>OMEGA CLOUD SUPPORT \u2013 Optez pour une intervention\u00a0<\/strong><b>efficace avec l&rsquo;un de nos experts.<\/b><\/p>\n<p>B\u00e9n\u00e9ficiez d\u2019une assistance informatique de qualit\u00e9, o\u00f9 que vous soyez dans le monde.<\/p>\n<p><strong>\u2003\u2003Inclus dans cette prestation de service :<\/strong><\/p>\n<ul>\n<li>Assistance technique experte assur\u00e9e par un administrateur syst\u00e8me d\u00e9di\u00e9<\/li>\n<li>Une allocation de deux est pr\u00e9vue, le temps restant peut \u00eatre r\u00e9utilis\u00e9 pour d&rsquo;autres besoins si la dur\u00e9e d&rsquo;intervention est inf\u00e9rieure.<\/li>\n<\/ul>\n","protected":false},"excerpt":{"rendered":"<p>OMEGA CLOUD SUPPORT \u2013 Optez pour une intervention\u00a0efficace avec l&rsquo;un de nos experts. B\u00e9n\u00e9ficiez d\u2019une assistance informatique de qualit\u00e9, o\u00f9 que vous soyez dans le monde. \u2003\u2003Inclus dans cette prestation de service : Assistance technique experte assur\u00e9e par un administrateur syst\u00e8me d\u00e9di\u00e9 Une allocation de deux est pr\u00e9vue, le temps restant peut \u00eatre r\u00e9utilis\u00e9 pour [&hellip;]<\/p>\n","protected":false},"featured_media":14848,"template":"","meta":[],"product_cat":[60],"product_tag":[],"_links":{"self":[{"href":"https:\/\/shop.cloudbyomega.com\/index.php\/wp-json\/wp\/v2\/product\/14884"}],"collection":[{"href":"https:\/\/shop.cloudbyomega.com\/index.php\/wp-json\/wp\/v2\/product"}],"about":[{"href":"https:\/\/shop.cloudbyomega.com\/index.php\/wp-json\/wp\/v2\/types\/product"}],"wp:featuredmedia":[{"embeddable":true,"href":"https:\/\/shop.cloudbyomega.com\/index.php\/wp-json\/wp\/v2\/media\/14848"}],"wp:attachment":[{"href":"https:\/\/shop.cloudbyomega.com\/index.php\/wp-json\/wp\/v2\/media?parent=14884"}],"wp:term":[{"taxonomy":"product_cat","embeddable":true,"href":"https:\/\/shop.cloudbyomega.com\/index.php\/wp-json\/wp\/v2\/product_cat?post=14884"},{"taxonomy":"product_tag","embeddable":true,"href":"https:\/\/shop.cloudbyomega.com\/index.php\/wp-json\/wp\/v2\/product_tag?post=14884"}],"curies":[{"name":"wp","href":"https:\/\/api.w.org\/{rel}","templated":true}]}}