{"id":14682,"date":"2024-02-29T21:41:12","date_gmt":"2024-02-29T20:41:12","guid":{"rendered":"https:\/\/shop.cloudbyomega.com\/?post_type=product&#038;p=14682"},"modified":"2024-03-23T18:21:22","modified_gmt":"2024-03-23T17:21:22","slug":"nextcloud-solo","status":"publish","type":"product","link":"https:\/\/shop.cloudbyomega.com\/index.php\/produit\/nextcloud-solo\/","title":{"rendered":"Nextcloud Solo"},"content":{"rendered":"<p><strong>Nextcloud Solo &amp; OnlyOffice &#8211; Votre passage vers une gestion de donn\u00e9es simplifi\u00e9e, s\u00e9curis\u00e9e et hautement performante.<\/strong><\/p>\n<p><strong>Explorez une collaboration simplifi\u00e9e avec le serveur OnlyOffice Doc &#8211; modifiez vos documents simultan\u00e9ment avec facilit\u00e9.<\/strong><\/p>\n<p><strong>Inclus dans votre abonnement :<\/strong><\/p>\n<p>\u2022 Compte Nextcloud 100GB &#8211; Serveur de stockage haute performance<\/p>\n<p>\u2022 Serveur de collaboration OnlyOffice Doc Server<\/p>\n<p>\u2022 Modifier vos documents \u00e0 plusieurs en temps r\u00e9el<\/p>\n<p>\u2022 Transfert de fichiers ultra-rapide<\/p>\n<p>\u2022 1 Compte utilisateur<\/p>\n<p>\u2022 Partage facile de fichiers avec des liens externes<\/p>\n<p>\u2022 S\u00e9curit\u00e9 des donn\u00e9es assur\u00e9e avec corbeille et restauration de fichiers<\/p>\n<p>\u2022 Compatible avec la suite OnlyOffice Doc disponible gratuitement sur (iOS, Android, PC, MacOS)<\/p>\n<p>\u2022 Connexion multi-plateforme via le web et l&rsquo;application Nextcloud Desktop (iOS, Android, PC, MacOS)<\/p>\n<p>&nbsp;<\/p>\n<p>Nos serveurs sont strat\u00e9giquement localis\u00e9s en France, Allemagne, au Royaume-Uni, en Bulgarie et aux \u00c9tats-Unis, assurant une couverture globale pour une performance optimale et une fiabilit\u00e9 exceptionnelle.<\/p>\n<p>N&rsquo;oubliez pas de sp\u00e9cifier la localisation souhait\u00e9e de votre serveur dans les commentaires de votre commande. Par d\u00e9faut, nous attribuerons un serveur situ\u00e9 au plus pr\u00e8s de l&rsquo;adresse que vous aurez indiqu\u00e9e lors de la commande.<\/p>\n","protected":false},"excerpt":{"rendered":"<p>Nextcloud Solo &amp; OnlyOffice &#8211; Votre passage vers une gestion de donn\u00e9es simplifi\u00e9e, s\u00e9curis\u00e9e et hautement performante. Explorez une collaboration simplifi\u00e9e avec le serveur OnlyOffice Doc &#8211; modifiez vos documents simultan\u00e9ment avec facilit\u00e9. Inclus dans votre abonnement : \u2022 Compte Nextcloud 100GB &#8211; Serveur de stockage haute performance \u2022 Serveur de collaboration OnlyOffice Doc Server [&hellip;]<\/p>\n","protected":false},"featured_media":14241,"template":"","meta":[],"product_cat":[58],"product_tag":[],"_links":{"self":[{"href":"https:\/\/shop.cloudbyomega.com\/index.php\/wp-json\/wp\/v2\/product\/14682"}],"collection":[{"href":"https:\/\/shop.cloudbyomega.com\/index.php\/wp-json\/wp\/v2\/product"}],"about":[{"href":"https:\/\/shop.cloudbyomega.com\/index.php\/wp-json\/wp\/v2\/types\/product"}],"wp:featuredmedia":[{"embeddable":true,"href":"https:\/\/shop.cloudbyomega.com\/index.php\/wp-json\/wp\/v2\/media\/14241"}],"wp:attachment":[{"href":"https:\/\/shop.cloudbyomega.com\/index.php\/wp-json\/wp\/v2\/media?parent=14682"}],"wp:term":[{"taxonomy":"product_cat","embeddable":true,"href":"https:\/\/shop.cloudbyomega.com\/index.php\/wp-json\/wp\/v2\/product_cat?post=14682"},{"taxonomy":"product_tag","embeddable":true,"href":"https:\/\/shop.cloudbyomega.com\/index.php\/wp-json\/wp\/v2\/product_tag?post=14682"}],"curies":[{"name":"wp","href":"https:\/\/api.w.org\/{rel}","templated":true}]}}