{"id":14506,"date":"2024-02-27T22:37:55","date_gmt":"2024-02-27T21:37:55","guid":{"rendered":"https:\/\/shop.cloudbyomega.com\/?post_type=product&#038;p=14506"},"modified":"2024-02-27T22:39:29","modified_gmt":"2024-02-27T21:39:29","slug":"cloud-essentiel","status":"publish","type":"product","link":"https:\/\/shop.cloudbyomega.com\/index.php\/produit\/cloud-essentiel\/","title":{"rendered":"Cloud Essentiel"},"content":{"rendered":"<p><strong>Cloud Business \u2013 Optez pour un environnement de travail s\u00e9curis\u00e9 et hautement performant.<\/strong><\/p>\n<p>B\u00e9n\u00e9ficiez d\u2019une int\u00e9gration transparente et augmentez votre productivit\u00e9 d\u00e8s le d\u00e9but, collaborez \u00e9troitement avec nous pour assurer une transition en douceur, o\u00f9 que vous soyez dans le monde.<\/p>\n<p><strong>\u2003\u2003\u2003\u2003\u2003Inclus dans votre abonnement :<\/strong><\/p>\n<ul>\n<li>Sauvegardes compl\u00e8tes du serveur effectu\u00e9es chaque semaine<\/li>\n<li>Un administrateur syst\u00e8me d\u00e9di\u00e9 de niveau 1* pour un support technique expert<\/li>\n<li>Bande passante garantie de 300MB\/s, garantissant des performances in\u00e9gal\u00e9es<\/li>\n<li>Processeur AMD EPYC 8 C\u0153urs offrant une puissance de traitement exceptionnelle<\/li>\n<li>400GB de stockage NVMe r\u00e9pondant \u00e0 tous vos besoins en termes de donn\u00e9es<\/li>\n<li>32GB de m\u00e9moire vive pour une ex\u00e9cution fluide des applications<\/li>\n<li>Compte Administrateur pour une gestion personnalis\u00e9e<\/li>\n<li>Windows Server 2022, une plateforme robuste<\/li>\n<li>Office ProPlus 2021, maximisant la productivit\u00e9<\/li>\n<li>Adresse IP d\u00e9di\u00e9e assurant une connectivit\u00e9 fiable<\/li>\n<li>50 CAL RDS pour une connectivit\u00e9 \u00e9tendue<\/li>\n<li>Connexion multi-plateforme via l&rsquo;application Microsoft Remote Desktop (iOS, Android, PC, MacOS)<\/li>\n<\/ul>\n<h5><\/h5>\n<h5><strong>* Le niveau 1 comprend la cr\u00e9ation d\u2019utilisateurs et la maintenance de base.<\/strong><\/h5>\n<p><strong>Nos serveurs sont strat\u00e9giquement localis\u00e9s en France, Lituanie, Pays-bas, au Royaume-Uni, Br\u00e9sil, R\u00e9publique de l\u2019Inde et aux \u00c9tats-Unis, assurant une couverture globale pour une performance optimale et une fiabilit\u00e9 exceptionnelle.<\/strong><\/p>\n<p>N\u2019oubliez pas de sp\u00e9cifier la localisation souhait\u00e9e de votre serveur dans les commentaires de votre commande. Par d\u00e9faut, nous attribuerons un serveur situ\u00e9 au plus pr\u00e8s de l\u2019adresse que vous aurez indiqu\u00e9e lors de la commande.<\/p>\n","protected":false},"excerpt":{"rendered":"<p>Cloud Business \u2013 Optez pour un environnement de travail s\u00e9curis\u00e9 et hautement performant. B\u00e9n\u00e9ficiez d\u2019une int\u00e9gration transparente et augmentez votre productivit\u00e9 d\u00e8s le d\u00e9but, collaborez \u00e9troitement avec nous pour assurer une transition en douceur, o\u00f9 que vous soyez dans le monde. \u2003\u2003\u2003\u2003\u2003Inclus dans votre abonnement : Sauvegardes compl\u00e8tes du serveur effectu\u00e9es chaque semaine Un administrateur [&hellip;]<\/p>\n","protected":false},"featured_media":14499,"template":"","meta":[],"product_cat":[59],"product_tag":[],"_links":{"self":[{"href":"https:\/\/shop.cloudbyomega.com\/index.php\/wp-json\/wp\/v2\/product\/14506"}],"collection":[{"href":"https:\/\/shop.cloudbyomega.com\/index.php\/wp-json\/wp\/v2\/product"}],"about":[{"href":"https:\/\/shop.cloudbyomega.com\/index.php\/wp-json\/wp\/v2\/types\/product"}],"wp:featuredmedia":[{"embeddable":true,"href":"https:\/\/shop.cloudbyomega.com\/index.php\/wp-json\/wp\/v2\/media\/14499"}],"wp:attachment":[{"href":"https:\/\/shop.cloudbyomega.com\/index.php\/wp-json\/wp\/v2\/media?parent=14506"}],"wp:term":[{"taxonomy":"product_cat","embeddable":true,"href":"https:\/\/shop.cloudbyomega.com\/index.php\/wp-json\/wp\/v2\/product_cat?post=14506"},{"taxonomy":"product_tag","embeddable":true,"href":"https:\/\/shop.cloudbyomega.com\/index.php\/wp-json\/wp\/v2\/product_tag?post=14506"}],"curies":[{"name":"wp","href":"https:\/\/api.w.org\/{rel}","templated":true}]}}